{"id":989035,"date":"2022-07-19T16:41:19","date_gmt":"2022-07-19T16:41:19","guid":{"rendered":"http:\/\/atlantic-bikes.com\/atlantic-mobility\/"},"modified":"2022-07-20T08:56:21","modified_gmt":"2022-07-20T08:56:21","slug":"atlantic-mobility","status":"publish","type":"page","link":"https:\/\/atlantic-bikes.com\/en\/atlantic-mobility\/","title":{"rendered":"Atlantic Mobility"},"content":{"rendered":"<div class=\"fl-builder-content fl-builder-content-989035 fl-builder-global-templates-locked\" data-post-id=\"989035\"><div class=\"fl-row fl-row-full-width fl-row-bg-color fl-node-qh54rgunbz2y vamtam-rounded-corners fl-row-bg-attachment-scroll\" data-node=\"qh54rgunbz2y\">\n\t<div class=\"fl-row-content-wrap\">\n\t\t\t\t\t\t<div class=\"fl-row-content fl-row-fixed-width fl-node-content\">\n\t\t\n<div class=\"fl-col-group fl-node-5ctvuhzqylnb\" data-node=\"5ctvuhzqylnb\">\n\t\t\t<div class=\"fl-col fl-node-kclt30rvqn56\" data-node=\"kclt30rvqn56\">\n\t<div class=\"fl-col-content fl-node-content\">\n\t<div class=\"fl-module fl-module-rich-text fl-node-igv1qmb2fo9s\" data-node=\"igv1qmb2fo9s\">\n\t<div class=\"fl-module-content fl-node-content\">\n\t\t<div class=\"fl-rich-text\">\n\t<p><div class=\"fl-row-content-wrap vamtam-show-bg-image\">\r\n     <div class=\"fl-row-content fl-row-fixed-width fl-node-content\">\r\n        <div class=\"fl-col-group fl-node-8u16ofntreaz fl-col-group-equal-height fl-col-group-align-center fl-col-group-custom-width\" data-node=\"8u16ofntreaz\">\r\n           <div class=\"fl-col fl-node-3r4cfqtdh56o fl-col-has-cols\" data-node=\"3r4cfqtdh56o\">\r\n              <div class=\"fl-col-content fl-node-content vamtam-show-bg-image\">\r\n                 <div class=\"fl-col-group fl-node-b5cyw8udxkle fl-col-group-nested fl-col-group-equal-height fl-col-group-align-center fl-col-group-custom-width\" data-node=\"b5cyw8udxkle\">\r\n                    <div class=\"fl-col fl-node-rxnehupyoqla col-md-5\" data-node=\"rxnehupyoqla\">\r\n                       <div class=\"fl-col-content fl-node-content vamtam-show-bg-image\">\r\n                          <div class=\"fl-module fl-module-vamtam-heading fl-node-jd8ox72apbh9\" data-node=\"jd8ox72apbh9\">\r\n                             <div class=\"fl-module-content fl-node-content\">\r\n                                <h2 class=\"vamtam-heading \">\r\n                                   <span class=\"vamtam-heading-text\">Atlantic Mobility - Title<\/span>\r\n                                <\/h2>\r\n                             <\/div>\r\n                          <\/div>\r\n                       <\/div>\r\n                    <\/div>\r\n                    <div class=\"fl-col fl-node-lwxupe31jhdf col-md-7\" data-node=\"lwxupe31jhdf\">\r\n                       <div class=\"fl-col-content fl-node-content vamtam-show-bg-image\">\r\n                          <div class=\"fl-module fl-module-rich-text fl-node-kdbx3ip219zh\" data-node=\"kdbx3ip219zh\">\r\n                             <div class=\"fl-module-content fl-node-content\">\r\n                                <div class=\"fl-rich-text\">\r\n                                <p>Excellence, Integrity and Solidarity are the core values \u200b\u200bthat we believe in and that we share with our partners.<\/p>\n<p>We believe that micro-mobility is critical for transport networks to be resilient and to complete the provision of quality options for all modes of travel and for all city residents.<\/p>\n<p>We design and develop high-tech micro-mobility solutions together with our partners to satisfy the reliability and sustainability of municipalities and operators, while providing the ultimate last mile travel experience for the end user.<\/p>\n\r\n                                <\/div>\r\n                             <\/div>\r\n                          <\/div>\r\n                       <\/div>\r\n                    <\/div>\r\n                 <\/div>\r\n              <\/div>\r\n           <\/div>\r\n        <\/div>\r\n     <\/div>\r\n  <\/div><\/p>\n<\/div>\n\t<\/div>\n<\/div>\n\t<\/div>\n<\/div>\n\t<\/div>\n\t\t<\/div>\n\t<\/div>\n<\/div>\n<div class=\"fl-row fl-row-full-width fl-row-bg-none fl-node-oef5vz2yn1pt vamtam-rounded-corners fl-row-bg-attachment-scroll\" data-node=\"oef5vz2yn1pt\">\n\t<div class=\"fl-row-content-wrap\">\n\t\t\t\t\t\t<div class=\"fl-row-content fl-row-full-width fl-node-content\">\n\t\t\n<div class=\"fl-col-group fl-node-eu4f3vhi52kt\" data-node=\"eu4f3vhi52kt\">\n\t\t\t<div class=\"fl-col fl-node-egroa12uh7df\" data-node=\"egroa12uh7df\">\n\t<div class=\"fl-col-content fl-node-content\">\n\t<div class=\"fl-module fl-module-rich-text fl-node-2nr1m7quidbw\" data-node=\"2nr1m7quidbw\">\n\t<div class=\"fl-module-content fl-node-content\">\n\t\t<div class=\"fl-rich-text\">\n\t<p><div class=\"fl-col-group fl-node-gtuzflin1q9c fl-col-group-equal-height fl-col-group-align-center fl-col-group-custom-width fl-col-group-responsive-reversed\" data-node=\"gtuzflin1q9c\">\r\n            <div class=\"fl-col fl-node-dsnk9giubx1c col-md-6\" data-node=\"dsnk9giubx1c\" style=\"text-align:center\">\r\n               <div class=\"fl-col-content fl-node-content vamtam-show-bg-image\">\r\n                  <div class=\"fl-module fl-module-photo fl-node-63idjeqktpcx\" data-node=\"63idjeqktpcx\" data-progressive-animation=\"move-from-bottom\" data-vamtam-animation-options=\"{&quot;type&quot;:&quot;progressive&quot;,&quot;origin&quot;:&quot;center center&quot;,&quot;exit&quot;:false,&quot;delay&quot;:0,&quot;mobile&quot;:false,&quot;pin&quot;:false,&quot;pinTrigger&quot;:&quot;&quot;}\" style=\"transform-origin: center center 0px; opacity: 0.816; transform: translate3d(0px, 18.3956px, 0px);\">\r\n                     <div class=\"fl-module-content fl-node-content\">\r\n                        <div class=\"fl-photo fl-photo-align-center\" itemscope=\"\" itemtype=\"http:\/\/schema.org\/ImageObject\">\r\n                           <div class=\"fl-photo-content fl-photo-img-svg\">\r\n                              <img data-attachment-id=\"16984\" data-orig-size=\"180,175\" data-comments-opened=\"0\" data-image-meta=\"[]\" data-image-title=\"illustration-bike-man-2\" data-image-description=\"\" data-image-caption=\"\" loading=\"lazy\" class=\"fl-photo-img wp-image-16984 size-thumbnail vamtam-lazyload-noparent\" src=\"https:\/\/atlantic-bikes.com\/wp-content\/uploads\/2018\/08\/illustration-bike-man-2.svg\" alt=\"illustration-bike-man-2\" itemprop=\"image\" title=\"illustration-bike-man-2\" width=\"180\" height=\"175\">\t\t\t\t\t\t\t\r\n                           <\/div>\r\n                        <\/div>\r\n                     <\/div>\r\n                  <\/div>\r\n                  <div class=\"fl-module fl-module-vamtam-heading fl-node-mu5q9s40wyno\" data-node=\"mu5q9s40wyno\" data-progressive-animation=\"move-from-bottom\" data-vamtam-animation-options=\"{&quot;type&quot;:&quot;progressive&quot;,&quot;origin&quot;:&quot;center center&quot;,&quot;exit&quot;:false,&quot;delay&quot;:0,&quot;mobile&quot;:false,&quot;pin&quot;:false,&quot;pinTrigger&quot;:&quot;&quot;}\" style=\"transform-origin: center center 0px; opacity: 0.4906; transform: translate3d(0px, 50.9392px, 0px);\">\r\n                     <div class=\"fl-module-content fl-node-content\">\r\n                        <h2 class=\"vamtam-heading \">\r\n                           <span class=\"vamtam-heading-text\">Resultados em mente<\/span>\r\n                        <\/h2>\r\n                     <\/div>\r\n                  <\/div>\r\n                  <div class=\"fl-module fl-module-vamtam-separator fl-node-b2eyvgakj3mo\" data-node=\"b2eyvgakj3mo\">\r\n                     <div class=\"fl-module-content fl-node-content\">\r\n                        <div class=\"fl-separator\" style=\"border-top-color:var( --vamtam-accent-color-4 );opacity:1\"><\/div>\r\n                     <\/div>\r\n                  <\/div>\r\n                  <div class=\"fl-col-group fl-node-5gi8r3ysjetx fl-col-group-nested fl-col-group-equal-height fl-col-group-align-center\" data-node=\"5gi8r3ysjetx\">\r\n                     <div class=\"fl-col fl-node-8qpkn9b0342w fl-col-small fl-visible-desktop\" data-node=\"8qpkn9b0342w\">\r\n                        <div class=\"fl-col-content fl-node-content vamtam-show-bg-image\">\r\n                        <\/div>\r\n                     <\/div>\r\n                     <div class=\"fl-col fl-node-3pxq6u7i5gk8\" data-node=\"3pxq6u7i5gk8\">\r\n                        <div class=\"fl-col-content fl-node-content vamtam-show-bg-image\">\r\n                           <div class=\"fl-module fl-module-rich-text fl-node-v2m3ebt94wpi\" data-node=\"v2m3ebt94wpi\">\r\n                              <div class=\"fl-module-content fl-node-content\">\r\n                                 <div class=\"fl-rich-text\">\r\n                                    <h4>\r\n                                       <p>Acredita na entrega de resultados impressionantes. Transpira at\u00e9 os conseguires<\/p>\n\r\n                                       <p><\/p>\r\n                                    <\/h4>\r\n                                 <\/div>\r\n                              <\/div>\r\n                           <\/div>\r\n                        <\/div>\r\n                     <\/div>\r\n                     <div class=\"fl-col fl-node-hbun6zmro97i fl-col-small fl-visible-desktop\" data-node=\"hbun6zmro97i\">\r\n                        <div class=\"fl-col-content fl-node-content vamtam-show-bg-image\">\r\n                        <\/div>\r\n                     <\/div>\r\n                  <\/div>\r\n                  \r\n               <\/div>\r\n            <\/div>\r\n            <div class=\"fl-col col-md-6 vamtam-rounded-corners\"  style=\"width: 100%!important;\">\r\n               <div class=\"fl-col-content fl-node-content vamtam-show-bg-image quem_somos_img\" style=\" background-image: url(https:\/\/atlantic-bikes.com\/wp-content\/uploads\/2022\/05\/DSCF9989-scaled-e1655209229601.jpg);\r\n               background-repeat: no-repeat;\r\n               background-position: center center;\r\n               background-attachment: scroll;\r\n               background-size: cover;\">\r\n               <\/div>\r\n            <\/div>\r\n         <\/div><div class=\"fl-col-group fl-node-5b8983f5baaa9 fl-col-group-equal-height fl-col-group-align-center fl-col-group-custom-width\" data-node=\"5b8983f5baaa9\">\r\n            <div class=\"fl-col col-md-6 vamtam-rounded-corners\" data-node=\"5b8983f5baaee\">\r\n               <div class=\"fl-col-content fl-node-content vamtam-show-bg-image quem_somos_img\" style=\" background-image: url(https:\/\/atlantic-bikes.com\/wp-content\/uploads\/2022\/05\/DSCF0021-scaled.jpg);\r\n               background-repeat: no-repeat;\r\n               background-position: center center;\r\n               background-attachment: scroll;\r\n               background-size: cover;\">\r\n               <\/div>\r\n            <\/div>\r\n            <div class=\"fl-col  col-md-6 fl-col-has-cols\" style=\"text-align:center\">\r\n               <div class=\"fl-col-content fl-node-content vamtam-show-bg-image\">\r\n                  <div class=\"fl-col-group fl-node-5b8983f5bac02 fl-col-group-nested\" style=\"width:100%\" data-node=\"5b8983f5bac02\">\r\n                     <div class=\"fl-col fl-node-5b8983f5bacbc\" style=\"width:100%\" data-node=\"5b8983f5bacbc\">\r\n                        <div class=\"fl-col-content fl-node-content vamtam-show-bg-image\">\r\n                           <div class=\"fl-module fl-module-photo fl-node-5b89876b0262b\" data-node=\"5b89876b0262b\" data-progressive-animation=\"move-from-bottom\" data-vamtam-animation-options=\"{&quot;type&quot;:&quot;progressive&quot;,&quot;origin&quot;:&quot;center center&quot;,&quot;exit&quot;:false,&quot;delay&quot;:0,&quot;mobile&quot;:false,&quot;pin&quot;:false,&quot;pinTrigger&quot;:&quot;&quot;}\" style=\"transform-origin: center center 0px; opacity: 0.8657; transform: translate3d(0px, 13.4291px, 0px);\">\r\n                              <div class=\"fl-module-content fl-node-content\">\r\n                                 <div class=\"fl-photo fl-photo-align-center\" itemscope=\"\" itemtype=\"http:\/\/schema.org\/ImageObject\">\r\n                                    <div class=\"fl-photo-content fl-photo-img-svg\">\r\n                                       <img data-attachment-id=\"17288\" data-orig-size=\"329,174\" data-comments-opened=\"0\" data-image-meta=\"[]\" data-image-title=\"illustration-bike-duo\" data-image-description=\"\" data-image-caption=\"\"  loading=\"lazy\" class=\"fl-photo-img wp-image-17288 size-thumbnail vamtam-lazyload-noparent\" src=\"https:\/\/atlantic-bikes.com\/wp-content\/uploads\/2018\/08\/illustration-bike-duo.svg\" alt=\"illustration-bike-duo\" itemprop=\"image\" title=\"illustration-bike-duo\" width=\"329\" height=\"174\">\t\t\t\t\t\t\t\r\n                                    <\/div>\r\n                                 <\/div>\r\n                              <\/div>\r\n                           <\/div>\r\n                           <div class=\"fl-module fl-module-vamtam-heading fl-node-5b8983f5bad35\" data-node=\"5b8983f5bad35\" data-progressive-animation=\"move-from-bottom\" data-vamtam-animation-options=\"{&quot;type&quot;:&quot;progressive&quot;,&quot;origin&quot;:&quot;center center&quot;,&quot;exit&quot;:false,&quot;delay&quot;:0,&quot;mobile&quot;:false,&quot;pin&quot;:false,&quot;pinTrigger&quot;:&quot;&quot;}\" style=\"transform-origin: center center 0px; opacity: 0.591; transform: translate3d(0px, 40.8975px, 0px);\">\r\n                              <div class=\"fl-module-content fl-node-content\">\r\n                                 <h2 class=\"vamtam-heading \">\r\n                                    <span class=\"vamtam-heading-text\">Coragem &amp; Transpar\u00eancia<\/span>\r\n                                 <\/h2>\r\n                              <\/div>\r\n                           <\/div>\r\n                        <\/div>\r\n                     <\/div>\r\n                  <\/div>\r\n                  <div class=\"fl-module fl-module-vamtam-separator fl-node-5b8983f5baea4\" data-node=\"5b8983f5baea4\">\r\n                     <div class=\"fl-module-content fl-node-content\">\r\n                        <div class=\"fl-separator\" style=\"border-top-color:var( --vamtam-accent-color-4 );opacity:1\"><\/div>\r\n                     <\/div>\r\n                  <\/div>\r\n                  <div class=\"fl-col-group fl-node-5b898483e777f fl-col-group-nested\" data-node=\"5b898483e777f\">\r\n                     <div class=\"fl-col fl-node-5b898483e7b25 fl-col-small fl-visible-desktop\" data-node=\"5b898483e7b25\">\r\n                        <div class=\"fl-col-content fl-node-content vamtam-show-bg-image\">\r\n                        <\/div>\r\n                     <\/div>\r\n                     <div class=\"fl-col fl-node-5b898483e7b76\" data-node=\"5b898483e7b76\">\r\n                        <div class=\"fl-col-content fl-node-content vamtam-show-bg-image\">\r\n                           <div class=\"fl-module fl-module-rich-text fl-node-5b8983f5bae66\" data-node=\"5b8983f5bae66\">\r\n                              <div class=\"fl-module-content fl-node-content\">\r\n                                 <div class=\"fl-rich-text\">\r\n                                    <h4><p>Ser corajoso, arriscar mantendo a cabe\u00e7a fria. Se n\u00e3o funcionar, admite e vai \u00e0 luta novamente<\/p>\n<\/h4>\r\n                                 <\/div>\r\n                              <\/div>\r\n                           <\/div>\r\n                        <\/div>\r\n                     <\/div>\r\n                     <div class=\"fl-col fl-node-5b898483e7bc2 fl-col-small fl-visible-desktop\" data-node=\"5b898483e7bc2\">\r\n                        <div class=\"fl-col-content fl-node-content vamtam-show-bg-image\">\r\n                        <\/div>\r\n                     <\/div>\r\n                  <\/div>\r\n               <\/div>\r\n            <\/div>\r\n         <\/div><\/p>\n<\/div>\n\t<\/div>\n<\/div>\n\t<\/div>\n<\/div>\n\t<\/div>\n\t\t<\/div>\n\t<\/div>\n<\/div>\n<\/div>","protected":false},"excerpt":{"rendered":"<p>Atlantic Mobility &#8211; Title Excellence, Integrity and Solidarity are the core values \u200b\u200bthat we believe in and that we share with our partners. We believe that micro-mobility is critical for transport networks to be resilient and to complete the provision of quality options for all modes of travel and for all city residents. We design&#8230;<\/p>\n","protected":false},"author":1,"featured_media":0,"parent":0,"menu_order":0,"comment_status":"closed","ping_status":"closed","template":"","meta":[],"yoast_head":"<!-- This site is optimized with the Yoast SEO plugin v17.9 - https:\/\/yoast.com\/wordpress\/plugins\/seo\/ -->\n<title>Empresas de Bicicletas nos A\u00e7ores | Descobre mais sobre a Atlantic Bikes<\/title>\n<meta name=\"description\" content=\"Na Atlantic Bikes somos uma das empresas de bicicletas com o desejo de fazer parte do dia a dia de todas pessoas. Descobre mais sobre n\u00f3s!\" \/>\n<meta name=\"robots\" content=\"index, follow, max-snippet:-1, max-image-preview:large, max-video-preview:-1\" \/>\n<link rel=\"canonical\" href=\"https:\/\/atlantic-bikes.com\/en\/atlantic-mobility\/\" \/>\n<meta property=\"og:locale\" content=\"en_US\" \/>\n<meta property=\"og:type\" content=\"article\" \/>\n<meta property=\"og:title\" content=\"Empresas de Bicicletas nos A\u00e7ores | Descobre mais sobre a Atlantic Bikes\" \/>\n<meta property=\"og:description\" content=\"Na Atlantic Bikes somos uma das empresas de bicicletas com o desejo de fazer parte do dia a dia de todas pessoas. Descobre mais sobre n\u00f3s!\" \/>\n<meta property=\"og:url\" content=\"https:\/\/atlantic-bikes.com\/en\/atlantic-mobility\/\" \/>\n<meta property=\"og:site_name\" content=\"Atlantic Bikes\" \/>\n<meta property=\"article:modified_time\" content=\"2022-07-20T08:56:21+00:00\" \/>\n<meta name=\"twitter:card\" content=\"summary_large_image\" \/>\n<script type=\"application\/ld+json\" class=\"yoast-schema-graph\">{\"@context\":\"https:\/\/schema.org\",\"@graph\":[{\"@type\":\"WebSite\",\"@id\":\"https:\/\/atlantic-bikes.com\/#website\",\"url\":\"https:\/\/atlantic-bikes.com\/\",\"name\":\"Atlantic Bikes\",\"description\":\"\",\"potentialAction\":[{\"@type\":\"SearchAction\",\"target\":{\"@type\":\"EntryPoint\",\"urlTemplate\":\"https:\/\/atlantic-bikes.com\/?s={search_term_string}\"},\"query-input\":\"required name=search_term_string\"}],\"inLanguage\":\"en-US\"},{\"@type\":\"WebPage\",\"@id\":\"https:\/\/atlantic-bikes.com\/en\/atlantic-mobility\/#webpage\",\"url\":\"https:\/\/atlantic-bikes.com\/en\/atlantic-mobility\/\",\"name\":\"Empresas de Bicicletas nos A\\u00e7ores | Descobre mais sobre a Atlantic Bikes\",\"isPartOf\":{\"@id\":\"https:\/\/atlantic-bikes.com\/#website\"},\"datePublished\":\"2022-07-19T16:41:19+00:00\",\"dateModified\":\"2022-07-20T08:56:21+00:00\",\"description\":\"Na Atlantic Bikes somos uma das empresas de bicicletas com o desejo de fazer parte do dia a dia de todas pessoas. Descobre mais sobre n\\u00f3s!\",\"breadcrumb\":{\"@id\":\"https:\/\/atlantic-bikes.com\/en\/atlantic-mobility\/#breadcrumb\"},\"inLanguage\":\"en-US\",\"potentialAction\":[{\"@type\":\"ReadAction\",\"target\":[\"https:\/\/atlantic-bikes.com\/en\/atlantic-mobility\/\"]}]},{\"@type\":\"BreadcrumbList\",\"@id\":\"https:\/\/atlantic-bikes.com\/en\/atlantic-mobility\/#breadcrumb\",\"itemListElement\":[{\"@type\":\"ListItem\",\"position\":1,\"name\":\"In\\u00edcio\",\"item\":\"https:\/\/atlantic-bikes.com\/en\/\"},{\"@type\":\"ListItem\",\"position\":2,\"name\":\"Atlantic Mobility\"}]}]}<\/script>\n<!-- \/ Yoast SEO plugin. -->","yoast_head_json":{"title":"Empresas de Bicicletas nos A\u00e7ores | Descobre mais sobre a Atlantic Bikes","description":"Na Atlantic Bikes somos uma das empresas de bicicletas com o desejo de fazer parte do dia a dia de todas pessoas. Descobre mais sobre n\u00f3s!","robots":{"index":"index","follow":"follow","max-snippet":"max-snippet:-1","max-image-preview":"max-image-preview:large","max-video-preview":"max-video-preview:-1"},"canonical":"https:\/\/atlantic-bikes.com\/en\/atlantic-mobility\/","og_locale":"en_US","og_type":"article","og_title":"Empresas de Bicicletas nos A\u00e7ores | Descobre mais sobre a Atlantic Bikes","og_description":"Na Atlantic Bikes somos uma das empresas de bicicletas com o desejo de fazer parte do dia a dia de todas pessoas. Descobre mais sobre n\u00f3s!","og_url":"https:\/\/atlantic-bikes.com\/en\/atlantic-mobility\/","og_site_name":"Atlantic Bikes","article_modified_time":"2022-07-20T08:56:21+00:00","twitter_card":"summary_large_image","schema":{"@context":"https:\/\/schema.org","@graph":[{"@type":"WebSite","@id":"https:\/\/atlantic-bikes.com\/#website","url":"https:\/\/atlantic-bikes.com\/","name":"Atlantic Bikes","description":"","potentialAction":[{"@type":"SearchAction","target":{"@type":"EntryPoint","urlTemplate":"https:\/\/atlantic-bikes.com\/?s={search_term_string}"},"query-input":"required name=search_term_string"}],"inLanguage":"en-US"},{"@type":"WebPage","@id":"https:\/\/atlantic-bikes.com\/en\/atlantic-mobility\/#webpage","url":"https:\/\/atlantic-bikes.com\/en\/atlantic-mobility\/","name":"Empresas de Bicicletas nos A\u00e7ores | Descobre mais sobre a Atlantic Bikes","isPartOf":{"@id":"https:\/\/atlantic-bikes.com\/#website"},"datePublished":"2022-07-19T16:41:19+00:00","dateModified":"2022-07-20T08:56:21+00:00","description":"Na Atlantic Bikes somos uma das empresas de bicicletas com o desejo de fazer parte do dia a dia de todas pessoas. Descobre mais sobre n\u00f3s!","breadcrumb":{"@id":"https:\/\/atlantic-bikes.com\/en\/atlantic-mobility\/#breadcrumb"},"inLanguage":"en-US","potentialAction":[{"@type":"ReadAction","target":["https:\/\/atlantic-bikes.com\/en\/atlantic-mobility\/"]}]},{"@type":"BreadcrumbList","@id":"https:\/\/atlantic-bikes.com\/en\/atlantic-mobility\/#breadcrumb","itemListElement":[{"@type":"ListItem","position":1,"name":"In\u00edcio","item":"https:\/\/atlantic-bikes.com\/en\/"},{"@type":"ListItem","position":2,"name":"Atlantic Mobility"}]}]}},"jetpack_sharing_enabled":true,"_links":{"self":[{"href":"https:\/\/atlantic-bikes.com\/en\/wp-json\/wp\/v2\/pages\/989035"}],"collection":[{"href":"https:\/\/atlantic-bikes.com\/en\/wp-json\/wp\/v2\/pages"}],"about":[{"href":"https:\/\/atlantic-bikes.com\/en\/wp-json\/wp\/v2\/types\/page"}],"author":[{"embeddable":true,"href":"https:\/\/atlantic-bikes.com\/en\/wp-json\/wp\/v2\/users\/1"}],"replies":[{"embeddable":true,"href":"https:\/\/atlantic-bikes.com\/en\/wp-json\/wp\/v2\/comments?post=989035"}],"version-history":[{"count":2,"href":"https:\/\/atlantic-bikes.com\/en\/wp-json\/wp\/v2\/pages\/989035\/revisions"}],"predecessor-version":[{"id":989044,"href":"https:\/\/atlantic-bikes.com\/en\/wp-json\/wp\/v2\/pages\/989035\/revisions\/989044"}],"wp:attachment":[{"href":"https:\/\/atlantic-bikes.com\/en\/wp-json\/wp\/v2\/media?parent=989035"}],"curies":[{"name":"wp","href":"https:\/\/api.w.org\/{rel}","templated":true}]}}